{"id":242092,"date":"2023-09-23T15:03:09","date_gmt":"2023-09-23T07:03:09","guid":{"rendered":"https:\/\/sangha.your-om.com\/?page_id=242092"},"modified":"2023-09-30T10:54:59","modified_gmt":"2023-09-30T02:54:59","slug":"allgemeine-geschaeftsbedingungen","status":"publish","type":"page","link":"https:\/\/sangha.your-om.com\/de\/allgemeine-geschaeftsbedingungen\/","title":{"rendered":"Allgemeine Gesch\u00e4ftsbedingungen"},"content":{"rendered":"\n<p>f\u00fcr den Online-Shop unter der URL<\/p>\n\n\n\n<p><a href=\"https:\/\/sangha.your-om.com\/courses\/\">https:\/\/sangha.your-om.com\/courses\/<\/a><\/p>\n\n\n\n<p>betrieben von<\/p>\n\n\n\n<p>Your Om O\u00dc<br>Sepapaja 6<br>15551 Tallinn<br>Estland<br>E-Mail: <a href=\"hello@your-om.com\">hello@your-om.com<\/a><br>Telefonnummer: +4915792368871\u202c<\/p>\n\n\n\n<p>&#8211; im Folgenden: Anbieter &#8211;<\/p>\n\n\n\n<h2 class=\"wp-block-heading\">1. Geltungsbereich<\/h2>\n\n\n\n<p>Diese Allgemeinen Gesch\u00e4ftsbedingungen (AGB) gelten nach ihrer Einbeziehung f\u00fcr alle Vertragsschl\u00fcsse \u00fcber den Erwerb von Waren, Dienstleistungen oder sonstigen G\u00fctern (nachfolgend \u201eWaren\u201c) im Online-Shop unter der o.g. URL in ihrer zum Zeitpunkt des Vertragsschlusses g\u00fcltigen Fassung. Diese AGB gelten ausschlie\u00dflich. Abweichende AGB des Kunden werden nicht Vertragsbestandteil, es sei denn, der Anbieter stimmt diesen ausdr\u00fccklich zu.<\/p>\n\n\n\n<h2 class=\"wp-block-heading\">2. Vertragsschluss<\/h2>\n\n\n\n<p>2.1 Die Angebote im Online-Shop stellen eine unverbindliche Aufforderung des Anbieters an die Online-Shop-Besucher zur Abgabe eines Angebots zum Erwerb der im Shop angebotenen Waren dar.<\/p>\n\n\n\n<p>2.2 Die Bestellung der Ware(n) erfolgt \u00fcber das Online-Bestellformular des Anbieters. Nach der Auswahl der gew\u00fcnschten Ware(n), der Eingabe aller abgefragten Pflichtinformationen und dem Durchlaufen aller anderen verpflichtenden Schritte im Bestellprozess, k\u00f6nnen die ausgew\u00e4hlten Waren durch das Bet\u00e4tigen des Bestell-Buttons am Ende der Checkout-Seite bestellt werden (Bestellung). Durch die Bestellung gibt der Kunde ein verbindliches Vertragsangebot zum Erwerb der ausgew\u00e4hlten Ware(n) ab. Der Vertragsschluss erfolgt, indem der Anbieter das Angebot des Kunden annimmt. Die Annahme erfolgt, indem der Anbieter den Vertragsschluss in Schrift- oder Textform (z.&nbsp;B. per E-Mail) best\u00e4tigt (Auftragsbest\u00e4tigung) und diese Auftragsbest\u00e4tigung dem Kunden zugeht oder indem er die bestellte Ware liefert und diese Ware dem Kunden zugeht oder indem er den Kunden zur Zahlung auffordert (z.&nbsp;B. Rechnung oder Kreditkartenzahlung im Bestellprozess) und die Zahlungsaufforderung dem Kunden zugeht; ma\u00dfgeblich f\u00fcr den Zeitpunkt des Vertragsschlusses ist dabei der Zeitpunkt, in dem eine der im ersten Halbsatz genannten Alternativen erstmalig eintritt.<\/p>\n\n\n\n<p>2.3 Vor verbindlicher Abgabe der Bestellung \u00fcber das Online-Bestellformular des Anbieters kann der Kunde seine Eingaben \u00fcberpr\u00fcfen und jederzeit \u00fcber die \u00fcblichen Tastatur-, Maus-, Touch- oder sonstigen zur Verf\u00fcgung stehenden Eingabefunktionen korrigieren. Dar\u00fcber hinaus werden alle Eingaben vor der verbindlichen Abgabe der Bestellung noch einmal in einem Best\u00e4tigungsfenster angezeigt und k\u00f6nnen auch dort mittels der \u00fcblichen Tastatur-, Maus-, Touch- oder sonstigen zur Verf\u00fcgung stehende Eingabefunktionen korrigiert werden.<\/p>\n\n\n\n<p>2.4 Der Anbieter wird den Vertragstext nach dem Vertragsschluss speichern und dem Kunden in Textform (z.&nbsp;B. per E-Mail) \u00fcbermitteln. Eine dar\u00fcberhinausgehende Zug\u00e4nglichmachung des Vertragstexts durch den Anbieter erfolgt nicht. Sofern der Einkauf \u00fcber ein Kundenkonto im Online-Shop erfolgt ist, kann der Kunde seine Bestellungen und die damit verbundenen Bestelldaten dort einsehen.<\/p>\n\n\n\n<p>2.5 F\u00fcr den Vertragsschluss stehen folgende Sprachen zur Verf\u00fcgung: Deutsch, Englisch<\/p>\n\n\n\n<h2 class=\"wp-block-heading\" id=\"withdrawal\">3. Widerrufsrecht f\u00fcr Verbraucher<\/h2>\n\n\n\n<p>Verbrauchern steht bei au\u00dferhalb von Gesch\u00e4ftsr\u00e4umen geschlossenen Vertr\u00e4gen und bei Fernabsatzvertr\u00e4gen grunds\u00e4tzlich ein Widerrufsrecht zu. Verbraucher ist jede nat\u00fcrliche Person, die ein Rechtsgesch\u00e4ft zu Zwecken abschlie\u00dft, die \u00fcberwiegend weder ihrer gewerblichen noch ihrer selbstst\u00e4ndigen beruflichen T\u00e4tigkeit zugerechnet werden k\u00f6nnen. Details sind der Widerrufsbelehrung zu entnehmen, die jedem Verbraucher sp\u00e4testens unmittelbar vor Vertragsschluss zur Verf\u00fcgung gestellt wird.<\/p>\n\n\n\n<h2 class=\"wp-block-heading\">Widerrufsbelehrung<\/h2>\n\n\n\n<h3 class=\"wp-block-heading\">Widerrufsrecht<\/h3>\n\n\n\n<p>Sie haben das Recht, binnen vierzehn Tagen ohne Angabe von Gr\u00fcnden diesen Vertrag zu widerrufen. Die Widerrufsfrist betr\u00e4gt vierzehn Tage ab dem Tag des Vertragsabschlusses.<\/p>\n\n\n\n<p>Um Ihr Widerrufsrecht auszu\u00fcben, m\u00fcssen Sie uns (Your Om O\u00dc, Sepapaja 6, 15551 Tallinn, Telefon: +4915792368871\u202c, E-Mail: mail@your-om.com) mittels einer eindeutigen Erkl\u00e4rung (z. B. ein mit der Post versandter Brief oder E-Mail) \u00fcber Ihren Entschluss, diesen Vertrag zu widerrufen, informieren. Sie k\u00f6nnen daf\u00fcr das beigef\u00fcgte Muster-Widerrufsformular verwenden, das jedoch nicht vorgeschrieben ist.<\/p>\n\n\n\n<p>Zur Wahrung der Widerrufsfrist reicht es aus, dass Sie die Mitteilung \u00fcber die Aus\u00fcbung des Widerrufsrechts vor Ablauf der Widerrufsfrist absenden.<\/p>\n\n\n\n<h3 class=\"wp-block-heading\">Folgen des Widerrufs<\/h3>\n\n\n\n<p>Wenn Sie diesen Vertrag widerrufen, haben wir Ihnen alle Zahlungen, die wir von Ihnen erhalten haben, einschlie\u00dflich der Lieferkosten (mit Ausnahme der zus\u00e4tzlichen Kosten, die sich daraus ergeben, dass Sie eine andere Art der Lieferung als die von uns angebotene, g\u00fcnstigste Standardlieferung gew\u00e4hlt haben), unverz\u00fcglich und sp\u00e4testens binnen vierzehn Tagen ab dem Tag zur\u00fcckzuzahlen, an dem die Mitteilung \u00fcber Ihren Widerruf dieses Vertrags bei uns eingegangen ist. F\u00fcr diese R\u00fcckzahlung verwenden wir dasselbe Zahlungsmittel, das Sie bei der urspr\u00fcnglichen Transaktion eingesetzt haben, es sei denn, mit Ihnen wurde ausdr\u00fccklich etwas anderes vereinbart; in keinem Fall werden Ihnen wegen dieser R\u00fcckzahlung Entgelte berechnet.<\/p>\n\n\n\n<h3 class=\"wp-block-heading\">Muster-Widerrufsformular<\/h3>\n\n\n\n<p>Wenn Sie den Vertrag widerrufen wollen, dann f\u00fcllen Sie bitte dieses Formular aus und senden Sie es zur\u00fcck.<\/p>\n\n\n\n<p>An<\/p>\n\n\n\n<p>Your Om O\u00dc<br>Sepapaja 6<br>15551 Tallinn<br>E-Mail: mail@your-om.com<\/p>\n\n\n\n<p>Hiermit widerrufe(n) ich\/wir den von mir\/uns abgeschlossenen Vertrag \u00fcber die Bereitsstellung des Zugangs zu folgenden digitalen Inhalten (Bezeichnung, ggf. Bestellnummer und Preis):<\/p>\n\n\n\n<p>&#8230;&#8230;&#8230;&#8230;&#8230;&#8230;&#8230;&#8230;&#8230;&#8230;&#8230;&#8230;&#8230;&#8230;&#8230;&#8230;&#8230;&#8230;&#8230;&#8230;&#8230;&#8230;&#8230;&#8230;&#8230;&#8230;<\/p>\n\n\n\n<p>&#8230;&#8230;&#8230;&#8230;&#8230;&#8230;&#8230;&#8230;&#8230;&#8230;&#8230;&#8230;&#8230;&#8230;&#8230;&#8230;&#8230;&#8230;&#8230;&#8230;&#8230;&#8230;&#8230;&#8230;&#8230;&#8230;<\/p>\n\n\n\n<p>Bestellt am (Datum):<\/p>\n\n\n\n<p>&#8230;&#8230;&#8230;&#8230;&#8230;&#8230;&#8230;&#8230;&#8230;..<\/p>\n\n\n\n<p>Erhalten am (Datum):<\/p>\n\n\n\n<p>&#8230;&#8230;&#8230;&#8230;&#8230;&#8230;&#8230;&#8230;&#8230;..<\/p>\n\n\n\n<p>Name und Anschrift des Verbrauchers:<\/p>\n\n\n\n<p>&#8230;&#8230;&#8230;&#8230;&#8230;&#8230;&#8230;&#8230;&#8230;..<\/p>\n\n\n\n<p>&#8230;&#8230;&#8230;&#8230;&#8230;&#8230;&#8230;&#8230;&#8230;..<\/p>\n\n\n\n<p>&#8230;&#8230;&#8230;&#8230;&#8230;&#8230;&#8230;&#8230;&#8230;..<\/p>\n\n\n\n<p>&#8230;&#8230;&#8230;&#8230;&#8230;&#8230;&#8230;&#8230;&#8230;..<\/p>\n\n\n\n<p>Datum:<\/p>\n\n\n\n<p>&#8230;&#8230;&#8230;&#8230;&#8230;&#8230;&#8230;&#8230;&#8230;&#8230;&#8230;&#8230;&#8230;&#8230;&#8230;&#8230;&#8230;.<\/p>\n\n\n\n<p>Unterschrift Kunde (nur bei schriftlichem Widerruf):<\/p>\n\n\n\n<p>&#8230;&#8230;&#8230;&#8230;&#8230;&#8230;&#8230;&#8230;&#8230;&#8230;&#8230;&#8230;&#8230;&#8230;&#8230;&#8230;&#8230;.<\/p>\n\n\n\n<h2 class=\"wp-block-heading\">4. Zahlung, Verzug<\/h2>\n\n\n\n<p>4.1 Es gelten die zum Zeitpunkt der Bestellung im Online-Shop aufgef\u00fchrten Preise. Alle Preise gelten inklusive der gesetzlichen Mehrwertsteuer sowie zuz\u00fcglich der gegebenenfalls aufgef\u00fchrten Versandkosten. \u00dcber die zur Verf\u00fcgung stehenden Zahlungsm\u00f6glichkeiten wird der Kunde im Online-Shop des Anbieters informiert.<\/p>\n\n\n\n<p>4.2 Ist \u201eVorkasse\u201c vereinbart wird der Kaufpreis sofort nach Vertragsabschluss f\u00e4llig.<\/p>\n\n\n\n<h2 class=\"wp-block-heading\">5. Eigentumsvorbehalt<\/h2>\n\n\n\n<p>Die gekaufte Ware bleibt bis zur vollst\u00e4ndigen Bezahlung des Kaufpreises Eigentum des Anbieters.<\/p>\n\n\n\n<h2 class=\"wp-block-heading\">6. Lieferung und Selbstbelieferungsvorbehalt<\/h2>\n\n\n\n<p>6.1 Vorbehaltlich abweichender Vereinbarungen erfolgt die Lieferung innerhalb der im Online-Shop angegebenen Lieferzeit an die vom Kunden angegebene Lieferadresse. Die geltenden Lieferzeiten sind dem Online-Shop zu entnehmen.<\/p>\n\n\n\n<p>6.2 Eine Selbstabholung der erworbenen Waren ist ausgeschlossen.<\/p>\n\n\n\n<p>6.3 Wenn der Anbieter die bestellte Ware nicht liefern kann, weil er ohne eigenes Verschulden selbst nicht beliefert wurde, obwohl er rechtzeitig mit einem zuverl\u00e4ssigen Lieferanten ein kongruentes Deckungsgesch\u00e4ft abgeschlossen hat, wird der Anbieter von seiner Leistungspflicht frei und kann vom Vertrag zur\u00fccktreten. Der Anbieter ist verpflichtet, den Kunden unverz\u00fcglich \u00fcber die Unm\u00f6glichkeit der Leistungserf\u00fcllung in Kenntnis zu setzen. Bereits erbrachte Gegenleistungen des Vertragspartners werden diesem unverz\u00fcglich erstattet. Zwingendes Verbraucherrecht bleibt vom vorliegenden Absatz unber\u00fchrt.<\/p>\n\n\n\n<h2 class=\"wp-block-heading\">7. Produkte im Abonnement<\/h2>\n\n\n\n<p>Sie k\u00f6nnen Ihr Abonnement jederzeit k\u00fcndigen. Bitte beachten Sie, dass Sie Ihr Abonnement k\u00fcndigen m\u00fcssen, bevor es sich um einen weiteren Monat verl\u00e4ngert, um zu vermeiden, dass Ihnen die Abonnementgeb\u00fchr f\u00fcr den n\u00e4chsten Monat in Rechnung gestellt wird. Wenn Sie Ihr Abonnement k\u00fcndigen, wird die K\u00fcndigung zum Ende des dann laufenden monatlichen Abonnementzeitraums wirksam. F\u00fcr Abonnements (einschlie\u00dflich Jahresabonnements) ist keine anteilige R\u00fcckerstattung m\u00f6glich. Wenn Sie Ihre Mitgliedschaft k\u00fcndigen, verlieren Sie Ihren aktuellen Mitgliedsbeitrag. Bei einer Erh\u00f6hung der Mitgliedsgeb\u00fchr m\u00fcssen Sie sich f\u00fcr die neue Mitgliedsgeb\u00fchr neu registrieren.<\/p>\n\n\n\n<h2 class=\"wp-block-heading\">8. Geistiges Eigentum<\/h2>\n\n\n\n<p>Sofern nicht anders angegeben, sind alle Materialien innerhalb des Your Om O\u00dc Sanghas oder der digitalen Kurse urheberrechtlich gesch\u00fctzt und Eigentum von Your Om O\u00dc oder von Your Om O\u00dc lizenziert. Sie sind nicht berechtigt, das Material zu ver\u00e4ndern, zu kopieren, zu reproduzieren, an Dritte hochzuladen, zu posten, zu \u00fcbertragen oder zu verbreiten. Sie d\u00fcrfen digitales Material auf Ihren Computer streamen oder auf Ihr Telefon\/Tablet herunterladen, um es anzusehen und\/oder auszudrucken, vorausgesetzt, das Material ist intakt und in der Form, in der es im Rahmen der Mitgliedschaft oder des Kurses pr\u00e4sentiert wird (einschlie\u00dflich aller Urheberrechts- oder sonstigen Hinweise), und ist f\u00fcr Ihren pers\u00f6nlichen, nicht kommerziellen Gebrauch bestimmt.<\/p>\n\n\n\n<h2 class=\"wp-block-heading\">9. Gew\u00e4hrleistung<\/h2>\n\n\n\n<p>Es gelten die Vorschriften der gesetzlichen M\u00e4ngelhaftung.<\/p>\n\n\n\n<h2 class=\"wp-block-heading\">10. Haftung<\/h2>\n\n\n\n<p>10.1 Der Anbieter haftet unbeschr\u00e4nkt:<\/p>\n\n\n\n<ul class=\"wp-block-list\">\n<li>f\u00fcr Sch\u00e4den aus der Verletzung des Lebens, des K\u00f6rpers oder der Gesundheit, die auf einer vors\u00e4tzlichen oder fahrl\u00e4ssigen Pflichtverletzung des Anbieters oder einer vors\u00e4tzlichen oder fahrl\u00e4ssigen Pflichtverletzung eines gesetzlichen Vertreters oder Erf\u00fcllungsgehilfen des Anbieters beruhen;<\/li>\n\n\n\n<li>f\u00fcr Sch\u00e4den, die auf einer vors\u00e4tzlichen oder grob fahrl\u00e4ssigen Pflichtverletzung des Anbieters oder auf einer vors\u00e4tzlichen oder grob fahrl\u00e4ssigen Pflichtverletzung eines gesetzlichen Vertreters oder Erf\u00fcllungsgehilfen des Anbieters beruhen;<\/li>\n\n\n\n<li>aufgrund eines Garantieversprechens, soweit diesbez\u00fcglich keine andere Regelung getroffen wurde;<\/li>\n\n\n\n<li>aufgrund zwingender Haftung (z.&nbsp;B. nach dem Produkthaftungsgesetz)<\/li>\n<\/ul>\n\n\n\n<p>10.2 Wenn der Anbieter fahrl\u00e4ssig eine wesentliche Vertragspflicht verletzt, ist dessen Haftung auf den vertragstypischen, vorhersehbaren Schaden beschr\u00e4nkt, sofern nicht gem\u00e4\u00df vorstehendem Absatz unbeschr\u00e4nkt gehaftet wird. Wesentliche Vertragspflichten sind Pflichten, die der Vertrag dem Anbieter nach seinem Inhalt zur Erreichung des Vertragszwecks auferlegt, deren Erf\u00fcllung die ordnungsgem\u00e4\u00dfe Durchf\u00fchrung des Vertrags \u00fcberhaupt erst erm\u00f6glicht und auf deren Einhaltung der Kunde regelm\u00e4\u00dfig vertrauen darf.<\/p>\n\n\n\n<p>10.3 Im \u00dcbrigen ist eine Haftung des Anbieters sowie die Haftung seiner Erf\u00fcllungsgehilfen und gesetzlichen Vertreter ausgeschlossen.<\/p>\n\n\n\n<p>10.4 Sie erkennen an, dass Yoga k\u00f6rperliche Anstrengung erfordert, die in einigen F\u00e4llen zu k\u00f6rperlichen Beschwerden oder Verletzungen f\u00fchren kann. Durch die Teilnahme an Kursen, Programmen oder Sessions von Your Om O\u00dc best\u00e4tigen Sie, dass Sie sich der damit verbundenen Risiken und Gefahren voll bewusst sind. Sie erkl\u00e4ren sich damit einverstanden, die volle Verantwortung f\u00fcr alle bekannten oder unbekannten Risiken, Verletzungen oder Sch\u00e4den zu \u00fcbernehmen, die sich aus der Aus\u00fcbung von Yoga ergeben k\u00f6nnen. Sie verstehen, dass es in Ihrer Verantwortung liegt, einen Arzt zu konsultieren, wenn Sie gesundheitliche Bedenken haben.<\/p>\n\n\n\n<p>10.5 Coaching, Yoga, Tarot und andere Praktiken, die im Your Om O\u00dc Sangha vorgestellt werden, stellen keine Therapie dar und ersetzen nicht den Besuch beim Arzt, Psychotherapeuten oder Heilpraktiker. Es werden keine Diagnosen gestellt oder Heilversprechen abgegeben.<\/p>\n\n\n\n<h2 class=\"wp-block-heading\">11. Datenschutz<\/h2>\n\n\n\n<p>Der Anbieter behandelt die personenbezogenen Daten seiner Kunden vertraulich und im Einklang mit den gesetzlichen Datenschutzvorschriften. N\u00e4heres entnehmen Sie der <a href=\"https:\/\/sangha.your-om.com\/de\/privacy-policy\/\" data-type=\"page\" data-id=\"241908\">Datenschutzerkl\u00e4rung<\/a> des Anbieters.<\/p>\n\n\n\n<h2 class=\"wp-block-heading\">12. Schlussbestimmungen<\/h2>\n\n\n\n<p>Soweit eine Bestimmung dieses Vertrages ung\u00fcltig oder undurchsetzbar ist oder wird, bleiben die \u00fcbrigen Bestimmungen dieses Vertrages hiervon unber\u00fchrt.<\/p>\n\n\n\n<h2 class=\"wp-block-heading\">13. Informationen zur Online-Streitbeilegung \/ Verbraucherschlichtung<\/h2>\n\n\n\n<p>Die EU-Kommission stellt im Internet unter folgendem Link eine Plattform zur Online-Streitbeilegung bereit: <a href=\"\/\/ec.europa.eu\/consumers\/odr\\&quot;\" target=\"\\&quot;_blank\\&quot;\" rel=\"\\&quot;noopener noopener\">https:\/\/ec.europa.eu\/consumers\/odr<\/a>.<\/p>\n\n\n\n<p>Der Anbieter ist nicht bereit oder verpflichtet, an Streitbeilegungsverfahren vor einer Verbraucherschlichtungsstelle teilzunehmen.<\/p>\n\n\n\n<p>Unsere E-Mail-Adresse entnehmen Sie der \u00dcberschrift dieser AGB.<\/p>\n","protected":false},"excerpt":{"rendered":"<p>f\u00fcr den Online-Shop unter der URL https:\/\/sangha.your-om.com\/courses\/ betrieben von Your Om O\u00dcSepapaja 615551 TallinnEstlandE-Mail: hello@your-om.comTelefonnummer: +4915792368871\u202c &#8211; im Folgenden: Anbieter &#8211; 1. Geltungsbereich Diese Allgemeinen Gesch\u00e4ftsbedingungen (AGB) gelten nach ihrer Einbeziehung f\u00fcr alle Vertragsschl\u00fcsse \u00fcber den Erwerb von Waren, Dienstleistungen oder sonstigen G\u00fctern (nachfolgend \u201eWaren\u201c) im Online-Shop unter der o.g. URL in ihrer zum Zeitpunkt [&hellip;]<\/p>\n","protected":false},"author":2,"featured_media":0,"parent":0,"menu_order":0,"comment_status":"closed","ping_status":"closed","template":"","meta":{"_acf_changed":false,"inline_featured_image":false,"footnotes":""},"class_list":["post-242092","page","type-page","status-publish","hentry"],"acf":[],"_links":{"self":[{"href":"https:\/\/sangha.your-om.com\/de\/wp-json\/wp\/v2\/pages\/242092","targetHints":{"allow":["GET"]}}],"collection":[{"href":"https:\/\/sangha.your-om.com\/de\/wp-json\/wp\/v2\/pages"}],"about":[{"href":"https:\/\/sangha.your-om.com\/de\/wp-json\/wp\/v2\/types\/page"}],"author":[{"embeddable":true,"href":"https:\/\/sangha.your-om.com\/de\/wp-json\/wp\/v2\/users\/2"}],"replies":[{"embeddable":true,"href":"https:\/\/sangha.your-om.com\/de\/wp-json\/wp\/v2\/comments?post=242092"}],"version-history":[{"count":13,"href":"https:\/\/sangha.your-om.com\/de\/wp-json\/wp\/v2\/pages\/242092\/revisions"}],"predecessor-version":[{"id":242203,"href":"https:\/\/sangha.your-om.com\/de\/wp-json\/wp\/v2\/pages\/242092\/revisions\/242203"}],"wp:attachment":[{"href":"https:\/\/sangha.your-om.com\/de\/wp-json\/wp\/v2\/media?parent=242092"}],"curies":[{"name":"wp","href":"https:\/\/api.w.org\/{rel}","templated":true}]}}